{"id":9949,"date":"2023-11-06T19:50:14","date_gmt":"2023-11-06T18:50:14","guid":{"rendered":"https:\/\/ravageautomobile.com\/?post_type=product&#038;p=9949"},"modified":"2026-03-07T13:58:58","modified_gmt":"2026-03-07T12:58:58","slug":"pack-harnais-turbo-4-points-plugplay","status":"publish","type":"product","link":"https:\/\/ravageautomobile.com\/fr\/ravage-shop\/pack-harnais-turbo-4-points-plugplay\/","title":{"rendered":"PACK Harnais 4 Points"},"content":{"rendered":"","protected":false},"excerpt":{"rendered":"<p data-start=\"75\" data-end=\"275\">We\u2019ve developed this exclusive 4-point harness with <strong data-start=\"127\" data-end=\"137\">Sabelt<\/strong> \u2014 a one-of-a-kind plug &amp; play solution for Alpines equipped with the factory harness mounting option. Installation couldn\u2019t be simpler!<\/p>\n<p data-start=\"277\" data-end=\"303\"><strong data-start=\"277\" data-end=\"301\">Pack includes 1 seat<\/strong><\/p>\n<p data-start=\"305\" data-end=\"349\"><strong data-start=\"305\" data-end=\"347\">Also available with blue or red straps<\/strong><\/p>\n<p data-start=\"351\" data-end=\"467\">\u26a0\ufe0f <strong data-start=\"354\" data-end=\"465\">Please specify at the time of order whether your A110 is equipped with the factory harness mounting option.<\/strong><\/p>\n<p data-start=\"453\" data-end=\"615\">","protected":false},"featured_media":17531,"template":"","meta":{"_coblocks_attr":"","_coblocks_dimensions":"","_coblocks_responsive_height":"","_coblocks_accordion_ie_support":"","_crdt_document":"","jetpack_publicize_message":"","jetpack_publicize_feature_enabled":true,"jetpack_social_post_already_shared":true,"jetpack_social_options":{"image_generator_settings":{"template":"highway","default_image_id":0,"font":"","enabled":false},"version":2},"_wpas_customize_per_network":false},"product_brand":[],"product_cat":[718284770],"product_tag":[],"class_list":{"0":"post-9949","1":"product","2":"type-product","3":"status-publish","4":"has-post-thumbnail","6":"product_cat-harnais","7":"product_shipping_class-pack-harnais","9":"first","10":"instock","11":"taxable","12":"shipping-taxable","13":"purchasable","14":"product-type-variable","15":"has-default-attributes"},"yoast_head":"<!-- This site is optimized with the Yoast SEO plugin v27.4 - https:\/\/yoast.com\/product\/yoast-seo-wordpress\/ -->\n<title>PACK Harnais 4 Points - RAVAGE<\/title>\n<meta name=\"description\" content=\"Harnais 4 points comp\u00e9tition pour Alpine A110. Installation plug and play, s\u00e9curit\u00e9 FIA. Par Ravage Competition.\" \/>\n<meta name=\"robots\" content=\"index, follow, max-snippet:-1, max-image-preview:large, max-video-preview:-1\" \/>\n<link rel=\"canonical\" href=\"https:\/\/ravageautomobile.com\/fr\/ravage-shop\/pack-harnais-turbo-4-points-plugplay\/\" \/>\n<meta property=\"og:locale\" content=\"fr_FR\" \/>\n<meta property=\"og:type\" content=\"article\" \/>\n<meta property=\"og:title\" content=\"PACK Harnais 4 Points - RAVAGE\" \/>\n<meta property=\"og:description\" content=\"4-point racing harness for Alpine A110. Plug and play installation, FIA-inspired safety. By Ravage Competition.\" \/>\n<meta property=\"og:url\" content=\"https:\/\/ravageautomobile.com\/fr\/ravage-shop\/pack-harnais-turbo-4-points-plugplay\/\" \/>\n<meta property=\"og:site_name\" content=\"RAVAGE\" \/>\n<meta property=\"article:publisher\" content=\"https:\/\/www.facebook.com\/PilotesAutonomes?locale=fr_FR\" \/>\n<meta property=\"article:modified_time\" content=\"2026-03-07T12:58:58+00:00\" \/>\n<meta property=\"og:image\" content=\"https:\/\/ravageautomobile.com\/wp-content\/uploads\/2026\/02\/change_the_black_belts_in_red_Nano_Banana_Pro_32451.jpg\" \/>\n\t<meta property=\"og:image:width\" content=\"4096\" \/>\n\t<meta property=\"og:image:height\" content=\"4096\" \/>\n\t<meta property=\"og:image:type\" content=\"image\/jpeg\" \/>\n<meta name=\"twitter:card\" content=\"summary_large_image\" \/>\n<meta name=\"twitter:label1\" content=\"Dur\u00e9e de lecture estim\u00e9e\" \/>\n\t<meta name=\"twitter:data1\" content=\"1 minute\" \/>\n<script type=\"application\/ld+json\" class=\"yoast-schema-graph\">{\"@context\":\"https:\\\/\\\/schema.org\",\"@graph\":[{\"@type\":\"WebPage\",\"@id\":\"https:\\\/\\\/ravageautomobile.com\\\/ravage-shop\\\/pack-harnais-turbo-4-points-plugplay\\\/\",\"url\":\"https:\\\/\\\/ravageautomobile.com\\\/ravage-shop\\\/pack-harnais-turbo-4-points-plugplay\\\/\",\"name\":\"PACK Harnais 4 Points - RAVAGE\",\"isPartOf\":{\"@id\":\"https:\\\/\\\/ravageautomobile.com\\\/#website\"},\"primaryImageOfPage\":{\"@id\":\"https:\\\/\\\/ravageautomobile.com\\\/ravage-shop\\\/pack-harnais-turbo-4-points-plugplay\\\/#primaryimage\"},\"image\":{\"@id\":\"https:\\\/\\\/ravageautomobile.com\\\/ravage-shop\\\/pack-harnais-turbo-4-points-plugplay\\\/#primaryimage\"},\"thumbnailUrl\":\"https:\\\/\\\/ravageautomobile.com\\\/wp-content\\\/uploads\\\/2026\\\/02\\\/change_the_black_belts_in_red_Nano_Banana_Pro_32451.jpg\",\"datePublished\":\"2023-11-06T18:50:14+00:00\",\"dateModified\":\"2026-03-07T12:58:58+00:00\",\"description\":\"4-point racing harness for Alpine A110. Plug and play installation, FIA-inspired safety. By Ravage Competition.\",\"breadcrumb\":{\"@id\":\"https:\\\/\\\/ravageautomobile.com\\\/ravage-shop\\\/pack-harnais-turbo-4-points-plugplay\\\/#breadcrumb\"},\"inLanguage\":\"fr-FR\",\"potentialAction\":[{\"@type\":\"ReadAction\",\"target\":[\"https:\\\/\\\/ravageautomobile.com\\\/ravage-shop\\\/pack-harnais-turbo-4-points-plugplay\\\/\"]}]},{\"@type\":\"ImageObject\",\"inLanguage\":\"fr-FR\",\"@id\":\"https:\\\/\\\/ravageautomobile.com\\\/ravage-shop\\\/pack-harnais-turbo-4-points-plugplay\\\/#primaryimage\",\"url\":\"https:\\\/\\\/ravageautomobile.com\\\/wp-content\\\/uploads\\\/2026\\\/02\\\/change_the_black_belts_in_red_Nano_Banana_Pro_32451.jpg\",\"contentUrl\":\"https:\\\/\\\/ravageautomobile.com\\\/wp-content\\\/uploads\\\/2026\\\/02\\\/change_the_black_belts_in_red_Nano_Banana_Pro_32451.jpg\",\"width\":4096,\"height\":4096,\"caption\":\"red harness 4 points sabelt\"},{\"@type\":\"BreadcrumbList\",\"@id\":\"https:\\\/\\\/ravageautomobile.com\\\/ravage-shop\\\/pack-harnais-turbo-4-points-plugplay\\\/#breadcrumb\",\"itemListElement\":[{\"@type\":\"ListItem\",\"position\":1,\"name\":\"Accueil\",\"item\":\"https:\\\/\\\/ravageautomobile.com\\\/\"},{\"@type\":\"ListItem\",\"position\":2,\"name\":\"RAVAGE SHOP\",\"item\":\"https:\\\/\\\/ravageautomobile.com\\\/ravage-shop\\\/\"},{\"@type\":\"ListItem\",\"position\":3,\"name\":\"PACK Harnais 4 Points\"}]},{\"@type\":\"WebSite\",\"@id\":\"https:\\\/\\\/ravageautomobile.com\\\/#website\",\"url\":\"https:\\\/\\\/ravageautomobile.com\\\/\",\"name\":\"Ravage Automobile\",\"description\":\"Bespoke Alpine A110 \u2014 Handcrafted in France\",\"publisher\":{\"@id\":\"https:\\\/\\\/ravageautomobile.com\\\/#organization\"},\"potentialAction\":[{\"@type\":\"SearchAction\",\"target\":{\"@type\":\"EntryPoint\",\"urlTemplate\":\"https:\\\/\\\/ravageautomobile.com\\\/?s={search_term_string}\"},\"query-input\":{\"@type\":\"PropertyValueSpecification\",\"valueRequired\":true,\"valueName\":\"search_term_string\"}}],\"inLanguage\":\"fr-FR\"},{\"@type\":\"Organization\",\"@id\":\"https:\\\/\\\/ravageautomobile.com\\\/#organization\",\"name\":\"Ravage Automobile\",\"url\":\"https:\\\/\\\/ravageautomobile.com\\\/\",\"logo\":{\"@type\":\"ImageObject\",\"inLanguage\":\"fr-FR\",\"@id\":\"https:\\\/\\\/ravageautomobile.com\\\/#\\\/schema\\\/logo\\\/image\\\/\",\"url\":\"https:\\\/\\\/ravageautomobile.com\\\/wp-content\\\/uploads\\\/2022\\\/01\\\/cropped-21102-ravage-gitanes-blanc.png\",\"contentUrl\":\"https:\\\/\\\/ravageautomobile.com\\\/wp-content\\\/uploads\\\/2022\\\/01\\\/cropped-21102-ravage-gitanes-blanc.png\",\"width\":9463,\"height\":2749,\"caption\":\"Ravage Automobile\"},\"image\":{\"@id\":\"https:\\\/\\\/ravageautomobile.com\\\/#\\\/schema\\\/logo\\\/image\\\/\"},\"sameAs\":[\"https:\\\/\\\/www.facebook.com\\\/PilotesAutonomes?locale=fr_FR\",\"https:\\\/\\\/www.instagram.com\\\/ravage_auto\\\/\"]}]}<\/script>\n<!-- \/ Yoast SEO plugin. -->","yoast_head_json":{"title":"PACK Harnais 4 Points - RAVAGE","description":"Harnais 4 points comp\u00e9tition pour Alpine A110. Installation plug and play, s\u00e9curit\u00e9 FIA. Par Ravage Competition.","robots":{"index":"index","follow":"follow","max-snippet":"max-snippet:-1","max-image-preview":"max-image-preview:large","max-video-preview":"max-video-preview:-1"},"canonical":"https:\/\/ravageautomobile.com\/fr\/ravage-shop\/pack-harnais-turbo-4-points-plugplay\/","og_locale":"fr_FR","og_type":"article","og_title":"PACK Harnais 4 Points - RAVAGE","og_description":"4-point racing harness for Alpine A110. Plug and play installation, FIA-inspired safety. By Ravage Competition.","og_url":"https:\/\/ravageautomobile.com\/fr\/ravage-shop\/pack-harnais-turbo-4-points-plugplay\/","og_site_name":"RAVAGE","article_publisher":"https:\/\/www.facebook.com\/PilotesAutonomes?locale=fr_FR","article_modified_time":"2026-03-07T12:58:58+00:00","og_image":[{"url":"https:\/\/ravageautomobile.com\/wp-content\/uploads\/2026\/02\/change_the_black_belts_in_red_Nano_Banana_Pro_32451.jpg","width":4096,"height":4096,"type":"image\/jpeg"}],"twitter_card":"summary_large_image","twitter_misc":{"Dur\u00e9e de lecture estim\u00e9e":"1 minute"},"schema":{"@context":"https:\/\/schema.org","@graph":[{"@type":"WebPage","@id":"https:\/\/ravageautomobile.com\/ravage-shop\/pack-harnais-turbo-4-points-plugplay\/","url":"https:\/\/ravageautomobile.com\/ravage-shop\/pack-harnais-turbo-4-points-plugplay\/","name":"PACK Harnais 4 Points - RAVAGE","isPartOf":{"@id":"https:\/\/ravageautomobile.com\/#website"},"primaryImageOfPage":{"@id":"https:\/\/ravageautomobile.com\/ravage-shop\/pack-harnais-turbo-4-points-plugplay\/#primaryimage"},"image":{"@id":"https:\/\/ravageautomobile.com\/ravage-shop\/pack-harnais-turbo-4-points-plugplay\/#primaryimage"},"thumbnailUrl":"https:\/\/ravageautomobile.com\/wp-content\/uploads\/2026\/02\/change_the_black_belts_in_red_Nano_Banana_Pro_32451.jpg","datePublished":"2023-11-06T18:50:14+00:00","dateModified":"2026-03-07T12:58:58+00:00","description":"Harnais 4 points comp\u00e9tition pour Alpine A110. Installation plug and play, s\u00e9curit\u00e9 FIA. Par Ravage Competition.","breadcrumb":{"@id":"https:\/\/ravageautomobile.com\/ravage-shop\/pack-harnais-turbo-4-points-plugplay\/#breadcrumb"},"inLanguage":"fr-FR","potentialAction":[{"@type":"ReadAction","target":["https:\/\/ravageautomobile.com\/ravage-shop\/pack-harnais-turbo-4-points-plugplay\/"]}]},{"@type":"ImageObject","inLanguage":"fr-FR","@id":"https:\/\/ravageautomobile.com\/ravage-shop\/pack-harnais-turbo-4-points-plugplay\/#primaryimage","url":"https:\/\/ravageautomobile.com\/wp-content\/uploads\/2026\/02\/change_the_black_belts_in_red_Nano_Banana_Pro_32451.jpg","contentUrl":"https:\/\/ravageautomobile.com\/wp-content\/uploads\/2026\/02\/change_the_black_belts_in_red_Nano_Banana_Pro_32451.jpg","width":4096,"height":4096,"caption":"red harness 4 points sabelt"},{"@type":"BreadcrumbList","@id":"https:\/\/ravageautomobile.com\/ravage-shop\/pack-harnais-turbo-4-points-plugplay\/#breadcrumb","itemListElement":[{"@type":"ListItem","position":1,"name":"Accueil","item":"https:\/\/ravageautomobile.com\/"},{"@type":"ListItem","position":2,"name":"RAVAGE SHOP","item":"https:\/\/ravageautomobile.com\/ravage-shop\/"},{"@type":"ListItem","position":3,"name":"PACK Harnais 4 Points"}]},{"@type":"WebSite","@id":"https:\/\/ravageautomobile.com\/#website","url":"https:\/\/ravageautomobile.com\/","name":"Ravage Automobile","description":"Bespoke Alpine A110 \u2014 Handcrafted in France","publisher":{"@id":"https:\/\/ravageautomobile.com\/#organization"},"potentialAction":[{"@type":"SearchAction","target":{"@type":"EntryPoint","urlTemplate":"https:\/\/ravageautomobile.com\/?s={search_term_string}"},"query-input":{"@type":"PropertyValueSpecification","valueRequired":true,"valueName":"search_term_string"}}],"inLanguage":"fr-FR"},{"@type":"Organization","@id":"https:\/\/ravageautomobile.com\/#organization","name":"Ravage Automobile","url":"https:\/\/ravageautomobile.com\/","logo":{"@type":"ImageObject","inLanguage":"fr-FR","@id":"https:\/\/ravageautomobile.com\/#\/schema\/logo\/image\/","url":"https:\/\/ravageautomobile.com\/wp-content\/uploads\/2022\/01\/cropped-21102-ravage-gitanes-blanc.png","contentUrl":"https:\/\/ravageautomobile.com\/wp-content\/uploads\/2022\/01\/cropped-21102-ravage-gitanes-blanc.png","width":9463,"height":2749,"caption":"Ravage Automobile"},"image":{"@id":"https:\/\/ravageautomobile.com\/#\/schema\/logo\/image\/"},"sameAs":["https:\/\/www.facebook.com\/PilotesAutonomes?locale=fr_FR","https:\/\/www.instagram.com\/ravage_auto\/"]}]}},"jetpack_publicize_connections":[],"jetpack_likes_enabled":true,"jetpack_sharing_enabled":true,"_links":{"self":[{"href":"https:\/\/ravageautomobile.com\/fr\/wp-json\/wp\/v2\/product\/9949","targetHints":{"allow":["GET"]}}],"collection":[{"href":"https:\/\/ravageautomobile.com\/fr\/wp-json\/wp\/v2\/product"}],"about":[{"href":"https:\/\/ravageautomobile.com\/fr\/wp-json\/wp\/v2\/types\/product"}],"wp:featuredmedia":[{"embeddable":true,"href":"https:\/\/ravageautomobile.com\/fr\/wp-json\/wp\/v2\/media\/17531"}],"wp:attachment":[{"href":"https:\/\/ravageautomobile.com\/fr\/wp-json\/wp\/v2\/media?parent=9949"}],"wp:term":[{"taxonomy":"product_brand","embeddable":true,"href":"https:\/\/ravageautomobile.com\/fr\/wp-json\/wp\/v2\/product_brand?post=9949"},{"taxonomy":"product_cat","embeddable":true,"href":"https:\/\/ravageautomobile.com\/fr\/wp-json\/wp\/v2\/product_cat?post=9949"},{"taxonomy":"product_tag","embeddable":true,"href":"https:\/\/ravageautomobile.com\/fr\/wp-json\/wp\/v2\/product_tag?post=9949"}],"curies":[{"name":"wp","href":"https:\/\/api.w.org\/{rel}","templated":true}]}}