{"id":13315,"date":"2025-03-09T20:14:11","date_gmt":"2025-03-09T19:14:11","guid":{"rendered":"https:\/\/ravageautomobile.com\/?post_type=product&#038;p=13315"},"modified":"2026-05-03T17:47:39","modified_gmt":"2026-05-03T16:47:39","slug":"tshirt-ravage-gokart-l","status":"publish","type":"product","link":"https:\/\/ravageautomobile.com\/fr\/ravage-shop\/tshirt-ravage-gokart-l\/","title":{"rendered":"Tshirt GOKART"},"content":{"rendered":"","protected":false},"excerpt":{"rendered":"<h4>T shirt Ravage Officiel !<\/h4>\n<p>Affichez haut les couleurs de la communaut\u00e9 Ravage !<\/p>\n<p>Nos collections sont en production limit\u00e9e, alors profitez-en des maintenant \ud83d\ude42<\/p>\n<p>&nbsp;<\/p>\n<p>&nbsp;<\/p>\n<p>&nbsp;<\/p>","protected":false},"featured_media":17462,"template":"","meta":{"_coblocks_attr":"","_coblocks_dimensions":"","_coblocks_responsive_height":"","_coblocks_accordion_ie_support":"","_crdt_document":"","jetpack_publicize_message":"","jetpack_publicize_feature_enabled":true,"jetpack_social_post_already_shared":true,"jetpack_social_options":{"image_generator_settings":{"template":"highway","default_image_id":0,"font":"","enabled":false},"version":2},"_wpas_customize_per_network":false},"product_brand":[],"product_cat":[718284592,718284595],"product_tag":[718284775,718284774,718284772,718284773],"class_list":{"0":"post-13315","1":"product","2":"type-product","3":"status-publish","4":"has-post-thumbnail","6":"product_cat-clothing","7":"product_cat-tshirts","8":"product_tag-mode","9":"product_tag-ravage","10":"product_tag-tshirt","11":"product_tag-vetements","12":"product_shipping_class-tshirt","14":"first","15":"instock","16":"taxable","17":"shipping-taxable","18":"purchasable","19":"product-type-variable"},"yoast_head":"<!-- This site is optimized with the Yoast SEO plugin v27.5 - https:\/\/yoast.com\/product\/yoast-seo-wordpress\/ -->\n<title>Tshirt GOKART - RAVAGE RAVAGE<\/title>\n<meta name=\"description\" content=\"T-shirts graphiques Ravage pour passionn\u00e9s d&#039;auto. Inspir\u00e9s de l&#039;univers Alpine A110 et de la course, imprim\u00e9s en France. \u00c9dition limit\u00e9e.\" \/>\n<meta name=\"robots\" content=\"index, follow, max-snippet:-1, max-image-preview:large, max-video-preview:-1\" \/>\n<link rel=\"canonical\" href=\"https:\/\/ravageautomobile.com\/fr\/ravage-shop\/tshirt-ravage-gokart-l\/\" \/>\n<meta property=\"og:locale\" content=\"fr_FR\" \/>\n<meta property=\"og:type\" content=\"article\" \/>\n<meta property=\"og:title\" content=\"Tshirt GOKART - RAVAGE RAVAGE\" \/>\n<meta property=\"og:description\" content=\"T-shirts graphiques Ravage pour passionn\u00e9s d&#039;auto. Inspir\u00e9s de l&#039;univers Alpine A110 et de la course, imprim\u00e9s en France. \u00c9dition limit\u00e9e.\" \/>\n<meta property=\"og:url\" content=\"https:\/\/ravageautomobile.com\/fr\/ravage-shop\/tshirt-ravage-gokart-l\/\" \/>\n<meta property=\"og:site_name\" content=\"RAVAGE\" \/>\n<meta property=\"article:publisher\" content=\"https:\/\/www.facebook.com\/PilotesAutonomes?locale=fr_FR\" \/>\n<meta property=\"article:modified_time\" content=\"2026-05-03T16:47:39+00:00\" \/>\n<meta property=\"og:image\" content=\"https:\/\/ravageautomobile.com\/wp-content\/uploads\/2025\/03\/Tshirt-ravage-go-kart.jpg\" \/>\n\t<meta property=\"og:image:width\" content=\"3181\" \/>\n\t<meta property=\"og:image:height\" content=\"3181\" \/>\n\t<meta property=\"og:image:type\" content=\"image\/jpeg\" \/>\n<meta name=\"twitter:card\" content=\"summary_large_image\" \/>\n<meta name=\"twitter:label1\" content=\"Dur\u00e9e de lecture estim\u00e9e\" \/>\n\t<meta name=\"twitter:data1\" content=\"1 minute\" \/>\n<script type=\"application\/ld+json\" class=\"yoast-schema-graph\">{\"@context\":\"https:\\\/\\\/schema.org\",\"@graph\":[{\"@type\":\"WebPage\",\"@id\":\"https:\\\/\\\/ravageautomobile.com\\\/ravage-shop\\\/tshirt-ravage-gokart-l\\\/\",\"url\":\"https:\\\/\\\/ravageautomobile.com\\\/ravage-shop\\\/tshirt-ravage-gokart-l\\\/\",\"name\":\"Tshirt GOKART - RAVAGE RAVAGE\",\"isPartOf\":{\"@id\":\"https:\\\/\\\/ravageautomobile.com\\\/#website\"},\"primaryImageOfPage\":{\"@id\":\"https:\\\/\\\/ravageautomobile.com\\\/ravage-shop\\\/tshirt-ravage-gokart-l\\\/#primaryimage\"},\"image\":{\"@id\":\"https:\\\/\\\/ravageautomobile.com\\\/ravage-shop\\\/tshirt-ravage-gokart-l\\\/#primaryimage\"},\"thumbnailUrl\":\"https:\\\/\\\/ravageautomobile.com\\\/wp-content\\\/uploads\\\/2025\\\/03\\\/Tshirt-ravage-go-kart.jpg\",\"datePublished\":\"2025-03-09T19:14:11+00:00\",\"dateModified\":\"2026-05-03T16:47:39+00:00\",\"description\":\"T-shirts graphiques Ravage pour passionn\u00e9s d'auto. Inspir\u00e9s de l'univers Alpine A110 et de la course, imprim\u00e9s en France. \u00c9dition limit\u00e9e.\",\"breadcrumb\":{\"@id\":\"https:\\\/\\\/ravageautomobile.com\\\/ravage-shop\\\/tshirt-ravage-gokart-l\\\/#breadcrumb\"},\"inLanguage\":\"fr-FR\",\"potentialAction\":[{\"@type\":\"ReadAction\",\"target\":[\"https:\\\/\\\/ravageautomobile.com\\\/ravage-shop\\\/tshirt-ravage-gokart-l\\\/\"]}]},{\"@type\":\"ImageObject\",\"inLanguage\":\"fr-FR\",\"@id\":\"https:\\\/\\\/ravageautomobile.com\\\/ravage-shop\\\/tshirt-ravage-gokart-l\\\/#primaryimage\",\"url\":\"https:\\\/\\\/ravageautomobile.com\\\/wp-content\\\/uploads\\\/2025\\\/03\\\/Tshirt-ravage-go-kart.jpg\",\"contentUrl\":\"https:\\\/\\\/ravageautomobile.com\\\/wp-content\\\/uploads\\\/2025\\\/03\\\/Tshirt-ravage-go-kart.jpg\",\"width\":3181,\"height\":3181,\"caption\":\"Tshirt ravage go kart\"},{\"@type\":\"BreadcrumbList\",\"@id\":\"https:\\\/\\\/ravageautomobile.com\\\/ravage-shop\\\/tshirt-ravage-gokart-l\\\/#breadcrumb\",\"itemListElement\":[{\"@type\":\"ListItem\",\"position\":1,\"name\":\"Accueil\",\"item\":\"https:\\\/\\\/ravageautomobile.com\\\/\"},{\"@type\":\"ListItem\",\"position\":2,\"name\":\"RAVAGE SHOP\",\"item\":\"https:\\\/\\\/ravageautomobile.com\\\/ravage-shop\\\/\"},{\"@type\":\"ListItem\",\"position\":3,\"name\":\"Tshirt GOKART\"}]},{\"@type\":\"WebSite\",\"@id\":\"https:\\\/\\\/ravageautomobile.com\\\/#website\",\"url\":\"https:\\\/\\\/ravageautomobile.com\\\/\",\"name\":\"Ravage Automobile\",\"description\":\"Bespoke Alpine A110 \u2014 Handcrafted in France\",\"publisher\":{\"@id\":\"https:\\\/\\\/ravageautomobile.com\\\/#organization\"},\"potentialAction\":[{\"@type\":\"SearchAction\",\"target\":{\"@type\":\"EntryPoint\",\"urlTemplate\":\"https:\\\/\\\/ravageautomobile.com\\\/?s={search_term_string}\"},\"query-input\":{\"@type\":\"PropertyValueSpecification\",\"valueRequired\":true,\"valueName\":\"search_term_string\"}}],\"inLanguage\":\"fr-FR\"},{\"@type\":\"Organization\",\"@id\":\"https:\\\/\\\/ravageautomobile.com\\\/#organization\",\"name\":\"Ravage Automobile\",\"url\":\"https:\\\/\\\/ravageautomobile.com\\\/\",\"logo\":{\"@type\":\"ImageObject\",\"inLanguage\":\"fr-FR\",\"@id\":\"https:\\\/\\\/ravageautomobile.com\\\/#\\\/schema\\\/logo\\\/image\\\/\",\"url\":\"https:\\\/\\\/ravageautomobile.com\\\/wp-content\\\/uploads\\\/2022\\\/01\\\/cropped-21102-ravage-gitanes-blanc.png\",\"contentUrl\":\"https:\\\/\\\/ravageautomobile.com\\\/wp-content\\\/uploads\\\/2022\\\/01\\\/cropped-21102-ravage-gitanes-blanc.png\",\"width\":9463,\"height\":2749,\"caption\":\"Ravage Automobile\"},\"image\":{\"@id\":\"https:\\\/\\\/ravageautomobile.com\\\/#\\\/schema\\\/logo\\\/image\\\/\"},\"sameAs\":[\"https:\\\/\\\/www.facebook.com\\\/PilotesAutonomes?locale=fr_FR\",\"https:\\\/\\\/www.instagram.com\\\/ravage_auto\\\/\"]}]}<\/script>\n<!-- \/ Yoast SEO plugin. -->","yoast_head_json":{"title":"Tshirt GOKART - RAVAGE RAVAGE","description":"T-shirts graphiques Ravage pour passionn\u00e9s d'auto. Inspir\u00e9s de l'univers Alpine A110 et de la course, imprim\u00e9s en France. \u00c9dition limit\u00e9e.","robots":{"index":"index","follow":"follow","max-snippet":"max-snippet:-1","max-image-preview":"max-image-preview:large","max-video-preview":"max-video-preview:-1"},"canonical":"https:\/\/ravageautomobile.com\/fr\/ravage-shop\/tshirt-ravage-gokart-l\/","og_locale":"fr_FR","og_type":"article","og_title":"Tshirt GOKART - RAVAGE RAVAGE","og_description":"T-shirts graphiques Ravage pour passionn\u00e9s d'auto. Inspir\u00e9s de l'univers Alpine A110 et de la course, imprim\u00e9s en France. \u00c9dition limit\u00e9e.","og_url":"https:\/\/ravageautomobile.com\/fr\/ravage-shop\/tshirt-ravage-gokart-l\/","og_site_name":"RAVAGE","article_publisher":"https:\/\/www.facebook.com\/PilotesAutonomes?locale=fr_FR","article_modified_time":"2026-05-03T16:47:39+00:00","og_image":[{"url":"https:\/\/ravageautomobile.com\/wp-content\/uploads\/2025\/03\/Tshirt-ravage-go-kart.jpg","width":3181,"height":3181,"type":"image\/jpeg"}],"twitter_card":"summary_large_image","twitter_misc":{"Dur\u00e9e de lecture estim\u00e9e":"1 minute"},"schema":{"@context":"https:\/\/schema.org","@graph":[{"@type":"WebPage","@id":"https:\/\/ravageautomobile.com\/ravage-shop\/tshirt-ravage-gokart-l\/","url":"https:\/\/ravageautomobile.com\/ravage-shop\/tshirt-ravage-gokart-l\/","name":"Tshirt GOKART - RAVAGE RAVAGE","isPartOf":{"@id":"https:\/\/ravageautomobile.com\/#website"},"primaryImageOfPage":{"@id":"https:\/\/ravageautomobile.com\/ravage-shop\/tshirt-ravage-gokart-l\/#primaryimage"},"image":{"@id":"https:\/\/ravageautomobile.com\/ravage-shop\/tshirt-ravage-gokart-l\/#primaryimage"},"thumbnailUrl":"https:\/\/ravageautomobile.com\/wp-content\/uploads\/2025\/03\/Tshirt-ravage-go-kart.jpg","datePublished":"2025-03-09T19:14:11+00:00","dateModified":"2026-05-03T16:47:39+00:00","description":"T-shirts graphiques Ravage pour passionn\u00e9s d'auto. Inspir\u00e9s de l'univers Alpine A110 et de la course, imprim\u00e9s en France. \u00c9dition limit\u00e9e.","breadcrumb":{"@id":"https:\/\/ravageautomobile.com\/ravage-shop\/tshirt-ravage-gokart-l\/#breadcrumb"},"inLanguage":"fr-FR","potentialAction":[{"@type":"ReadAction","target":["https:\/\/ravageautomobile.com\/ravage-shop\/tshirt-ravage-gokart-l\/"]}]},{"@type":"ImageObject","inLanguage":"fr-FR","@id":"https:\/\/ravageautomobile.com\/ravage-shop\/tshirt-ravage-gokart-l\/#primaryimage","url":"https:\/\/ravageautomobile.com\/wp-content\/uploads\/2025\/03\/Tshirt-ravage-go-kart.jpg","contentUrl":"https:\/\/ravageautomobile.com\/wp-content\/uploads\/2025\/03\/Tshirt-ravage-go-kart.jpg","width":3181,"height":3181,"caption":"Tshirt ravage go kart"},{"@type":"BreadcrumbList","@id":"https:\/\/ravageautomobile.com\/ravage-shop\/tshirt-ravage-gokart-l\/#breadcrumb","itemListElement":[{"@type":"ListItem","position":1,"name":"Accueil","item":"https:\/\/ravageautomobile.com\/"},{"@type":"ListItem","position":2,"name":"RAVAGE SHOP","item":"https:\/\/ravageautomobile.com\/ravage-shop\/"},{"@type":"ListItem","position":3,"name":"Tshirt GOKART"}]},{"@type":"WebSite","@id":"https:\/\/ravageautomobile.com\/#website","url":"https:\/\/ravageautomobile.com\/","name":"Ravage Automobile","description":"Bespoke Alpine A110 \u2014 Handcrafted in France","publisher":{"@id":"https:\/\/ravageautomobile.com\/#organization"},"potentialAction":[{"@type":"SearchAction","target":{"@type":"EntryPoint","urlTemplate":"https:\/\/ravageautomobile.com\/?s={search_term_string}"},"query-input":{"@type":"PropertyValueSpecification","valueRequired":true,"valueName":"search_term_string"}}],"inLanguage":"fr-FR"},{"@type":"Organization","@id":"https:\/\/ravageautomobile.com\/#organization","name":"Ravage Automobile","url":"https:\/\/ravageautomobile.com\/","logo":{"@type":"ImageObject","inLanguage":"fr-FR","@id":"https:\/\/ravageautomobile.com\/#\/schema\/logo\/image\/","url":"https:\/\/ravageautomobile.com\/wp-content\/uploads\/2022\/01\/cropped-21102-ravage-gitanes-blanc.png","contentUrl":"https:\/\/ravageautomobile.com\/wp-content\/uploads\/2022\/01\/cropped-21102-ravage-gitanes-blanc.png","width":9463,"height":2749,"caption":"Ravage Automobile"},"image":{"@id":"https:\/\/ravageautomobile.com\/#\/schema\/logo\/image\/"},"sameAs":["https:\/\/www.facebook.com\/PilotesAutonomes?locale=fr_FR","https:\/\/www.instagram.com\/ravage_auto\/"]}]}},"jetpack_publicize_connections":[],"jetpack_likes_enabled":false,"jetpack_sharing_enabled":false,"_links":{"self":[{"href":"https:\/\/ravageautomobile.com\/fr\/wp-json\/wp\/v2\/product\/13315","targetHints":{"allow":["GET"]}}],"collection":[{"href":"https:\/\/ravageautomobile.com\/fr\/wp-json\/wp\/v2\/product"}],"about":[{"href":"https:\/\/ravageautomobile.com\/fr\/wp-json\/wp\/v2\/types\/product"}],"wp:featuredmedia":[{"embeddable":true,"href":"https:\/\/ravageautomobile.com\/fr\/wp-json\/wp\/v2\/media\/17462"}],"wp:attachment":[{"href":"https:\/\/ravageautomobile.com\/fr\/wp-json\/wp\/v2\/media?parent=13315"}],"wp:term":[{"taxonomy":"product_brand","embeddable":true,"href":"https:\/\/ravageautomobile.com\/fr\/wp-json\/wp\/v2\/product_brand?post=13315"},{"taxonomy":"product_cat","embeddable":true,"href":"https:\/\/ravageautomobile.com\/fr\/wp-json\/wp\/v2\/product_cat?post=13315"},{"taxonomy":"product_tag","embeddable":true,"href":"https:\/\/ravageautomobile.com\/fr\/wp-json\/wp\/v2\/product_tag?post=13315"}],"curies":[{"name":"wp","href":"https:\/\/api.w.org\/{rel}","templated":true}]}}